{"id":6136,"date":"2022-04-15T10:29:53","date_gmt":"2022-04-15T10:29:53","guid":{"rendered":"https:\/\/archicon.qodeinteractive.com\/?page_id=6136"},"modified":"2025-07-11T11:22:39","modified_gmt":"2025-07-11T11:22:39","slug":"invesimo","status":"publish","type":"page","link":"https:\/\/www.aegconstrucoes.com\/en\/invesimo\/","title":{"rendered":"Invesimo"},"content":{"rendered":"<div data-elementor-type=\"wp-page\" data-elementor-id=\"6136\" class=\"elementor elementor-6136\">\n\t\t\t\t\t\t<section class=\"elementor-section elementor-top-section elementor-element elementor-element-9e103bd elementor-section-full_width elementor-section-height-default elementor-section-height-default qodef-elementor-content-no\" data-id=\"9e103bd\" data-element_type=\"section\" data-settings=\"{&quot;background_background&quot;:&quot;classic&quot;}\">\n\t\t\t\t\t\t<div class=\"elementor-container elementor-column-gap-default\">\n\t\t\t\t\t<div class=\"elementor-column elementor-col-50 elementor-top-column elementor-element elementor-element-2154f91\" data-id=\"2154f91\" data-element_type=\"column\">\n\t\t\t<div class=\"elementor-widget-wrap elementor-element-populated\">\n\t\t\t\t\t\t<div class=\"elementor-element elementor-element-402bd7f elementor-widget__width-initial elementor-absolute elementor-widget-mobile__width-initial elementor-widget-tablet__width-inherit elementor-widget elementor-widget-archicon_core_section_title\" data-id=\"402bd7f\" data-element_type=\"widget\" data-settings=\"{&quot;_position&quot;:&quot;absolute&quot;}\" data-widget_type=\"archicon_core_section_title.default\">\n\t\t\t\t<div class=\"elementor-widget-container\">\n\t\t\t\t\t<div class=\"qodef-shortcode qodef-m  qodef-section-title qodef-alignment--left\"  >\n\t\t\t<h1 class=\"qodef-m-title\" style=\"color: #FFFFFF\">\n\t<span class=\"qodef-m-title-inner\" style=\"--qodef-st-custom-fs: 200px;--qodef-st-custom-fs-1680: 160px;--qodef-st-custom-fs-1440: 140px;--qodef-st-custom-fs-1366: 140px;--qodef-st-custom-fs-1024: 120px;--qodef-st-custom-fs-768: 90px;--qodef-st-custom-fs-680: 63px;--qodef-st-custom-lh: 255px;--qodef-st-custom-lh-1680: 200px;--qodef-st-custom-lh-1440: 150px;--qodef-st-custom-lh-1366: 150px;--qodef-st-custom-lh-1024: 130px;--qodef-st-custom-lh-768: 100px;--qodef-st-custom-lh-680: 70px;--qodef-st-custom-ls: -0.08em\">\n\t\t\tInvesimo\t\t<\/span>\n\t<\/h1>\n\t\t<\/div>\n\t\t\t\t<\/div>\n\t\t\t\t<\/div>\n\t\t\t\t<div class=\"elementor-element elementor-element-7f0734c elementor-widget elementor-widget-spacer\" data-id=\"7f0734c\" data-element_type=\"widget\" data-widget_type=\"spacer.default\">\n\t\t\t\t<div class=\"elementor-widget-container\">\n\t\t\t\t\t\t\t<div class=\"elementor-spacer\">\n\t\t\t<div class=\"elementor-spacer-inner\"><\/div>\n\t\t<\/div>\n\t\t\t\t\t\t<\/div>\n\t\t\t\t<\/div>\n\t\t\t\t<div class=\"elementor-element elementor-element-5e68e30 elementor-absolute elementor-widget elementor-widget-archicon_core_icon_with_text\" data-id=\"5e68e30\" data-element_type=\"widget\" data-settings=\"{&quot;_position&quot;:&quot;absolute&quot;}\" data-widget_type=\"archicon_core_icon_with_text.default\">\n\t\t\t\t<div class=\"elementor-widget-container\">\n\t\t\t\t\t<div class=\"qodef-shortcode qodef-m  qodef-icon-with-text qodef-layout--top qodef--custom-icon  qodef-alignment--left\">\n\t<div class=\"qodef-m-icon-wrapper\">\n\t\t\t\t\t\t\t<\/div>\n\t<div class=\"qodef-m-content\">\n\t\t\t<h2 class=\"qodef-m-title\" style=\"margin-top: 4px;color: #FFFFFF\">\n\t\t\t\t\t<span class=\"qodef-m-title-text\">Invesimo is part of Andrade &amp; Gondar's investments.<\/span>\n\t\t\t<\/h2>\n\t\t\t<\/div>\n<\/div>\n\t\t\t\t<\/div>\n\t\t\t\t<\/div>\n\t\t\t\t<div class=\"elementor-element elementor-element-f5f0534 elementor-widget elementor-widget-spacer\" data-id=\"f5f0534\" data-element_type=\"widget\" data-widget_type=\"spacer.default\">\n\t\t\t\t<div class=\"elementor-widget-container\">\n\t\t\t\t\t\t\t<div class=\"elementor-spacer\">\n\t\t\t<div class=\"elementor-spacer-inner\"><\/div>\n\t\t<\/div>\n\t\t\t\t\t\t<\/div>\n\t\t\t\t<\/div>\n\t\t\t\t\t<\/div>\n\t\t<\/div>\n\t\t\t\t<div class=\"elementor-column elementor-col-50 elementor-top-column elementor-element elementor-element-76ff8e7\" data-id=\"76ff8e7\" data-element_type=\"column\" data-settings=\"{&quot;background_background&quot;:&quot;classic&quot;}\">\n\t\t\t<div class=\"elementor-widget-wrap elementor-element-populated\">\n\t\t\t\t\t\t<div class=\"elementor-element elementor-element-a4de374 elementor-widget elementor-widget-spacer\" data-id=\"a4de374\" data-element_type=\"widget\" data-widget_type=\"spacer.default\">\n\t\t\t\t<div class=\"elementor-widget-container\">\n\t\t\t\t\t\t\t<div class=\"elementor-spacer\">\n\t\t\t<div class=\"elementor-spacer-inner\"><\/div>\n\t\t<\/div>\n\t\t\t\t\t\t<\/div>\n\t\t\t\t<\/div>\n\t\t\t\t\t<\/div>\n\t\t<\/div>\n\t\t\t\t\t<\/div>\n\t\t<\/section>\n\t\t\t\t<section class=\"elementor-section elementor-top-section elementor-element elementor-element-69136db elementor-section-boxed elementor-section-height-default elementor-section-height-default qodef-elementor-content-no\" data-id=\"69136db\" data-element_type=\"section\" data-settings=\"{&quot;background_background&quot;:&quot;classic&quot;}\">\n\t\t\t\t\t\t<div class=\"elementor-container elementor-column-gap-default\">\n\t\t\t\t\t<div class=\"elementor-column elementor-col-100 elementor-top-column elementor-element elementor-element-51ecde6\" data-id=\"51ecde6\" data-element_type=\"column\">\n\t\t\t<div class=\"elementor-widget-wrap elementor-element-populated\">\n\t\t\t\t\t\t<div class=\"elementor-element elementor-element-6749bc9 elementor-widget elementor-widget-spacer\" data-id=\"6749bc9\" data-element_type=\"widget\" data-widget_type=\"spacer.default\">\n\t\t\t\t<div class=\"elementor-widget-container\">\n\t\t\t\t\t\t\t<div class=\"elementor-spacer\">\n\t\t\t<div class=\"elementor-spacer-inner\"><\/div>\n\t\t<\/div>\n\t\t\t\t\t\t<\/div>\n\t\t\t\t<\/div>\n\t\t\t\t\t<\/div>\n\t\t<\/div>\n\t\t\t\t\t<\/div>\n\t\t<\/section>\n\t\t\t\t<section class=\"elementor-section elementor-top-section elementor-element elementor-element-e1fb671 elementor-section-full_width elementor-section-height-default elementor-section-height-default qodef-elementor-content-no\" data-id=\"e1fb671\" data-element_type=\"section\" data-settings=\"{&quot;background_background&quot;:&quot;classic&quot;}\">\n\t\t\t\t\t\t<div class=\"elementor-container elementor-column-gap-default\">\n\t\t\t\t\t<div class=\"elementor-column elementor-col-50 elementor-top-column elementor-element elementor-element-e166e7c\" data-id=\"e166e7c\" data-element_type=\"column\">\n\t\t\t<div class=\"elementor-widget-wrap elementor-element-populated\">\n\t\t\t\t\t\t<div class=\"elementor-element elementor-element-f908e5f elementor-widget__width-initial elementor-widget elementor-widget-archicon_core_section_title\" data-id=\"f908e5f\" data-element_type=\"widget\" data-widget_type=\"archicon_core_section_title.default\">\n\t\t\t\t<div class=\"elementor-widget-container\">\n\t\t\t\t\t<div class=\"qodef-shortcode qodef-m  qodef-section-title qodef-alignment--left\"  >\n\t\t\t<h2 class=\"qodef-m-title\" >\n\t<span class=\"qodef-m-title-inner\" >\n\t\t\tInvesimo is a real estate company \t\t<\/span>\n\t<\/h2>\n\t\t<h5 class=\"qodef-m-text\" >\n\t\tThat acts in the Real Estate Sales market, with a standard of seriousness in providing real estate services, we seek to do good business with efficiency, thus providing tranquility to our clients. \n\nAllied to our deep knowledge of the real estate market, we operate under a strict code of conduct, always acting with integrity and honesty, guaranteeing total professional secrecy and the uncompromising defense of our clients' best interests. \nAll this know-how allows us to provide a highly personalized and transversal service, accompanying and guiding the client through each stage, developing solutions in a transparent and safe manner and offering a consultancy service that extends beyond the conclusion of the deal.\t<\/h5>\n\t<\/div>\n\t\t\t\t<\/div>\n\t\t\t\t<\/div>\n\t\t\t\t\t<\/div>\n\t\t<\/div>\n\t\t\t\t<div class=\"elementor-column elementor-col-50 elementor-top-column elementor-element elementor-element-d10c4d9\" data-id=\"d10c4d9\" data-element_type=\"column\">\n\t\t\t<div class=\"elementor-widget-wrap elementor-element-populated\">\n\t\t\t\t\t\t<div class=\"elementor-element elementor-element-815e783 elementor-pagination-position-outside elementor-widget elementor-widget-image-carousel\" data-id=\"815e783\" data-element_type=\"widget\" data-settings=\"{&quot;slides_to_show&quot;:&quot;1&quot;,&quot;navigation&quot;:&quot;dots&quot;,&quot;autoplay&quot;:&quot;yes&quot;,&quot;pause_on_hover&quot;:&quot;yes&quot;,&quot;pause_on_interaction&quot;:&quot;yes&quot;,&quot;autoplay_speed&quot;:5000,&quot;infinite&quot;:&quot;yes&quot;,&quot;effect&quot;:&quot;slide&quot;,&quot;speed&quot;:500}\" data-widget_type=\"image-carousel.default\">\n\t\t\t\t<div class=\"elementor-widget-container\">\n\t\t\t\t\t\t\t<div class=\"elementor-image-carousel-wrapper swiper\" role=\"region\" aria-roledescription=\"carousel\" aria-label=\"Carrossel de imagens\" dir=\"ltr\">\n\t\t\t<div class=\"elementor-image-carousel swiper-wrapper\" aria-live=\"off\">\n\t\t\t\t\t\t\t\t<div class=\"swiper-slide\" role=\"group\" aria-roledescription=\"slide\" aria-label=\"1 of 5\"><figure class=\"swiper-slide-inner\"><img decoding=\"async\" class=\"swiper-slide-image\" src=\"https:\/\/www.aegconstrucoes.com\/wp-content\/uploads\/2022\/10\/5babf877-c754-4d61-99e1-12fc5f4fbd69-650x650.jpeg\" alt=\"5babf877-c754-4d61-99e1-12fc5f4fbd69\" \/><\/figure><\/div><div class=\"swiper-slide\" role=\"group\" aria-roledescription=\"slide\" aria-label=\"2 of 5\"><figure class=\"swiper-slide-inner\"><img decoding=\"async\" class=\"swiper-slide-image\" src=\"https:\/\/www.aegconstrucoes.com\/wp-content\/uploads\/2022\/10\/27f927ee-4640-42e3-8d11-154f4a08e5ad-650x650.jpeg\" alt=\"27f927ee-4640-42e3-8d11-154f4a08e5ad\" \/><\/figure><\/div><div class=\"swiper-slide\" role=\"group\" aria-roledescription=\"slide\" aria-label=\"3 of 5\"><figure class=\"swiper-slide-inner\"><img decoding=\"async\" class=\"swiper-slide-image\" src=\"https:\/\/www.aegconstrucoes.com\/wp-content\/uploads\/2022\/10\/74c740e4-d630-46c9-b207-29c7a0878b71-650x650.jpeg\" alt=\"74c740e4-d630-46c9-b207-29c7a0878b71\" \/><\/figure><\/div><div class=\"swiper-slide\" role=\"group\" aria-roledescription=\"slide\" aria-label=\"4 of 5\"><figure class=\"swiper-slide-inner\"><img decoding=\"async\" class=\"swiper-slide-image\" src=\"https:\/\/www.aegconstrucoes.com\/wp-content\/uploads\/2022\/10\/125e5feb-f49b-43fc-941b-711a03b7a129-1-650x650.jpeg\" alt=\"125e5feb-f49b-43fc-941b-711a03b7a129\" \/><\/figure><\/div><div class=\"swiper-slide\" role=\"group\" aria-roledescription=\"slide\" aria-label=\"5 of 5\"><figure class=\"swiper-slide-inner\"><img decoding=\"async\" class=\"swiper-slide-image\" src=\"https:\/\/www.aegconstrucoes.com\/wp-content\/uploads\/2022\/10\/c8c96d7a-52bc-4f77-a09a-6f6135e70e17-650x650.jpeg\" alt=\"c8c96d7a-52bc-4f77-a09a-6f6135e70e17\" \/><\/figure><\/div>\t\t\t<\/div>\n\t\t\t\t\t\t\t\n\t\t\t\t\t\t\t\t\t<div class=\"swiper-pagination\"><\/div>\n\t\t\t\t\t\t\t\t\t<\/div>\n\t\t\t\t\t\t<\/div>\n\t\t\t\t<\/div>\n\t\t\t\t\t<\/div>\n\t\t<\/div>\n\t\t\t\t\t<\/div>\n\t\t<\/section>\n\t\t\t\t<section class=\"elementor-section elementor-top-section elementor-element elementor-element-ad5e673 elementor-section-boxed elementor-section-height-default elementor-section-height-default qodef-elementor-content-no\" data-id=\"ad5e673\" data-element_type=\"section\">\n\t\t\t\t\t\t<div class=\"elementor-container elementor-column-gap-default\">\n\t\t\t\t\t<div class=\"elementor-column elementor-col-100 elementor-top-column elementor-element elementor-element-dfd57e7\" data-id=\"dfd57e7\" data-element_type=\"column\">\n\t\t\t<div class=\"elementor-widget-wrap elementor-element-populated\">\n\t\t\t\t\t\t<div class=\"elementor-element elementor-element-2165e0a elementor-widget elementor-widget-spacer\" data-id=\"2165e0a\" data-element_type=\"widget\" data-widget_type=\"spacer.default\">\n\t\t\t\t<div class=\"elementor-widget-container\">\n\t\t\t\t\t\t\t<div class=\"elementor-spacer\">\n\t\t\t<div class=\"elementor-spacer-inner\"><\/div>\n\t\t<\/div>\n\t\t\t\t\t\t<\/div>\n\t\t\t\t<\/div>\n\t\t\t\t\t<\/div>\n\t\t<\/div>\n\t\t\t\t\t<\/div>\n\t\t<\/section>\n\t\t\t\t<section class=\"elementor-section elementor-top-section elementor-element elementor-element-d5670a7 elementor-section-full_width elementor-section-height-default elementor-section-height-default qodef-elementor-content-no\" data-id=\"d5670a7\" data-element_type=\"section\" data-settings=\"{&quot;background_background&quot;:&quot;classic&quot;}\">\n\t\t\t\t\t\t<div class=\"elementor-container elementor-column-gap-default\">\n\t\t\t\t\t<div class=\"elementor-column elementor-col-100 elementor-top-column elementor-element elementor-element-144fae6\" data-id=\"144fae6\" data-element_type=\"column\">\n\t\t\t<div class=\"elementor-widget-wrap elementor-element-populated\">\n\t\t\t\t\t\t<div class=\"elementor-element elementor-element-8d2a12c elementor-widget elementor-widget-spacer\" data-id=\"8d2a12c\" data-element_type=\"widget\" data-widget_type=\"spacer.default\">\n\t\t\t\t<div class=\"elementor-widget-container\">\n\t\t\t\t\t\t\t<div class=\"elementor-spacer\">\n\t\t\t<div class=\"elementor-spacer-inner\"><\/div>\n\t\t<\/div>\n\t\t\t\t\t\t<\/div>\n\t\t\t\t<\/div>\n\t\t\t\t\t<\/div>\n\t\t<\/div>\n\t\t\t\t\t<\/div>\n\t\t<\/section>\n\t\t\t\t<section class=\"elementor-section elementor-top-section elementor-element elementor-element-659a4c3 elementor-section-full_width elementor-section-height-default elementor-section-height-default qodef-elementor-content-no\" data-id=\"659a4c3\" data-element_type=\"section\">\n\t\t\t\t\t\t<div class=\"elementor-container elementor-column-gap-default\">\n\t\t\t\t\t<div class=\"elementor-column elementor-col-100 elementor-top-column elementor-element elementor-element-4008bf2\" data-id=\"4008bf2\" data-element_type=\"column\">\n\t\t\t<div class=\"elementor-widget-wrap elementor-element-populated\">\n\t\t\t\t\t\t<div class=\"elementor-element elementor-element-2a1b395 elementor-widget-mobile__width-inherit elementor-widget elementor-widget-archicon_core_section_title\" data-id=\"2a1b395\" data-element_type=\"widget\" data-widget_type=\"archicon_core_section_title.default\">\n\t\t\t\t<div class=\"elementor-widget-container\">\n\t\t\t\t\t<div class=\"qodef-shortcode qodef-m  qodef-section-title qodef-alignment--left qodef-alignment-responsive--left\"  >\n\t\t\t<h1 class=\"qodef-m-title\" >\n\t<span class=\"qodef-m-title-inner\" style=\"--qodef-st-custom-fs: 200px;--qodef-st-custom-lh: 255px;--qodef-st-custom-ls: 0px\">\n\t\t\tProjects\t\t<\/span>\n\t<\/h1>\n\t\t<\/div>\n\t\t\t\t<\/div>\n\t\t\t\t<\/div>\n\t\t\t\t\t<\/div>\n\t\t<\/div>\n\t\t\t\t\t<\/div>\n\t\t<\/section>\n\t\t\t\t<section class=\"elementor-section elementor-top-section elementor-element elementor-element-bab489e elementor-section-full_width elementor-section-height-default elementor-section-height-default qodef-elementor-content-no\" data-id=\"bab489e\" data-element_type=\"section\">\n\t\t\t\t\t\t<div class=\"elementor-container elementor-column-gap-default\">\n\t\t\t\t\t<div class=\"elementor-column elementor-col-33 elementor-top-column elementor-element elementor-element-3dd79ce\" data-id=\"3dd79ce\" data-element_type=\"column\">\n\t\t\t<div class=\"elementor-widget-wrap elementor-element-populated\">\n\t\t\t\t\t\t<div class=\"elementor-element elementor-element-83f3024 elementor-widget elementor-widget-archicon_core_image_with_text\" data-id=\"83f3024\" data-element_type=\"widget\" data-widget_type=\"archicon_core_image_with_text.default\">\n\t\t\t\t<div class=\"elementor-widget-container\">\n\t\t\t\t\t<div class=\"qodef-shortcode qodef-m  qodef-image-with-text qodef-layout--text-below\">\n\t<div class=\"qodef-m-image\">\n\t\t\t<img fetchpriority=\"high\" decoding=\"async\" src=\"https:\/\/www.aegconstrucoes.com\/wp-content\/uploads\/2022\/10\/5babf877-c754-4d61-99e1-12fc5f4fbd69-400x400.jpeg\" alt=\"\" width=\"400\" height=\"400\" data-ratio=\"1\" \/>\t<\/div>\n\t<div class=\"qodef-m-content\">\n\t\t\t<h3 class=\"qodef-m-title\" >\n\t\t\t\t\tGarden 243 Apartements\t\t\t<\/h3>\n\t\t\t<p class=\"qodef-m-text\" >The Garden 243 Apartments takes shape in Vila do Conde, owner of a unique geometric identity, to which no one is indifferent, the Garden 243 Apartments is composed of 13 fractions, 8 T2 and 5 T3.\n<\/p>\n\t<\/div>\n<\/div>\n\t\t\t\t<\/div>\n\t\t\t\t<\/div>\n\t\t\t\t\t<\/div>\n\t\t<\/div>\n\t\t\t\t<div class=\"elementor-column elementor-col-66 elementor-top-column elementor-element elementor-element-ae15692\" data-id=\"ae15692\" data-element_type=\"column\">\n\t\t\t<div class=\"elementor-widget-wrap elementor-element-populated\">\n\t\t\t\t\t\t<div class=\"elementor-element elementor-element-62c3e0c elementor-pagination-position-outside elementor-widget elementor-widget-image-carousel\" data-id=\"62c3e0c\" data-element_type=\"widget\" data-settings=\"{&quot;slides_to_show&quot;:&quot;1&quot;,&quot;navigation&quot;:&quot;dots&quot;,&quot;autoplay&quot;:&quot;yes&quot;,&quot;pause_on_hover&quot;:&quot;yes&quot;,&quot;pause_on_interaction&quot;:&quot;yes&quot;,&quot;autoplay_speed&quot;:5000,&quot;infinite&quot;:&quot;yes&quot;,&quot;effect&quot;:&quot;slide&quot;,&quot;speed&quot;:500}\" data-widget_type=\"image-carousel.default\">\n\t\t\t\t<div class=\"elementor-widget-container\">\n\t\t\t\t\t\t\t<div class=\"elementor-image-carousel-wrapper swiper\" role=\"region\" aria-roledescription=\"carousel\" aria-label=\"Carrossel de imagens\" dir=\"ltr\">\n\t\t\t<div class=\"elementor-image-carousel swiper-wrapper\" aria-live=\"off\">\n\t\t\t\t\t\t\t\t<div class=\"swiper-slide\" role=\"group\" aria-roledescription=\"slide\" aria-label=\"1 of 4\"><figure class=\"swiper-slide-inner\"><img decoding=\"async\" class=\"swiper-slide-image\" src=\"https:\/\/www.aegconstrucoes.com\/wp-content\/uploads\/2022\/10\/27f927ee-4640-42e3-8d11-154f4a08e5ad-1300x650.jpeg\" alt=\"27f927ee-4640-42e3-8d11-154f4a08e5ad\" \/><\/figure><\/div><div class=\"swiper-slide\" role=\"group\" aria-roledescription=\"slide\" aria-label=\"2 of 4\"><figure class=\"swiper-slide-inner\"><img decoding=\"async\" class=\"swiper-slide-image\" src=\"https:\/\/www.aegconstrucoes.com\/wp-content\/uploads\/2022\/10\/74c740e4-d630-46c9-b207-29c7a0878b71-1300x650.jpeg\" alt=\"74c740e4-d630-46c9-b207-29c7a0878b71\" \/><\/figure><\/div><div class=\"swiper-slide\" role=\"group\" aria-roledescription=\"slide\" aria-label=\"3 of 4\"><figure class=\"swiper-slide-inner\"><img decoding=\"async\" class=\"swiper-slide-image\" src=\"https:\/\/www.aegconstrucoes.com\/wp-content\/uploads\/2022\/10\/125e5feb-f49b-43fc-941b-711a03b7a129-1-1300x650.jpeg\" alt=\"125e5feb-f49b-43fc-941b-711a03b7a129\" \/><\/figure><\/div><div class=\"swiper-slide\" role=\"group\" aria-roledescription=\"slide\" aria-label=\"4 of 4\"><figure class=\"swiper-slide-inner\"><img decoding=\"async\" class=\"swiper-slide-image\" src=\"https:\/\/www.aegconstrucoes.com\/wp-content\/uploads\/2022\/10\/c8c96d7a-52bc-4f77-a09a-6f6135e70e17-1300x650.jpeg\" alt=\"c8c96d7a-52bc-4f77-a09a-6f6135e70e17\" \/><\/figure><\/div>\t\t\t<\/div>\n\t\t\t\t\t\t\t\n\t\t\t\t\t\t\t\t\t<div class=\"swiper-pagination\"><\/div>\n\t\t\t\t\t\t\t\t\t<\/div>\n\t\t\t\t\t\t<\/div>\n\t\t\t\t<\/div>\n\t\t\t\t\t<\/div>\n\t\t<\/div>\n\t\t\t\t\t<\/div>\n\t\t<\/section>\n\t\t\t\t<\/div>","protected":false},"excerpt":{"rendered":"<p>Invesimo A Invesimo surge no \u00e2mbito dos investimentos da Andrade &amp; Gondar. A Invesimo \u00e9 uma empresa do setor imobili\u00e1rio Que atua no mercado de Vendas de Im\u00f3veis, com um padr\u00e3o de seriedade na presta\u00e7\u00e3o de servi\u00e7os imobili\u00e1rios, procuramos realizar bons neg\u00f3cios com efici\u00eancia, proporcionando assim, tranquilidade aos seus clientes. Aliado ao profundo conhecimento do [&hellip;]<\/p>","protected":false},"author":1,"featured_media":0,"parent":0,"menu_order":0,"comment_status":"closed","ping_status":"closed","template":"page-full-width.php","meta":{"footnotes":""},"class_list":["post-6136","page","type-page","status-publish","hentry"],"_links":{"self":[{"href":"https:\/\/www.aegconstrucoes.com\/en\/wp-json\/wp\/v2\/pages\/6136","targetHints":{"allow":["GET"]}}],"collection":[{"href":"https:\/\/www.aegconstrucoes.com\/en\/wp-json\/wp\/v2\/pages"}],"about":[{"href":"https:\/\/www.aegconstrucoes.com\/en\/wp-json\/wp\/v2\/types\/page"}],"author":[{"embeddable":true,"href":"https:\/\/www.aegconstrucoes.com\/en\/wp-json\/wp\/v2\/users\/1"}],"replies":[{"embeddable":true,"href":"https:\/\/www.aegconstrucoes.com\/en\/wp-json\/wp\/v2\/comments?post=6136"}],"version-history":[{"count":0,"href":"https:\/\/www.aegconstrucoes.com\/en\/wp-json\/wp\/v2\/pages\/6136\/revisions"}],"wp:attachment":[{"href":"https:\/\/www.aegconstrucoes.com\/en\/wp-json\/wp\/v2\/media?parent=6136"}],"curies":[{"name":"wp","href":"https:\/\/api.w.org\/{rel}","templated":true}]}}