{"id":13596,"date":"2022-09-30T15:07:44","date_gmt":"2022-09-30T15:07:44","guid":{"rendered":"https:\/\/creatmarketing.pt\/andradeegondar.dev\/?page_id=13596"},"modified":"2022-11-28T16:22:56","modified_gmt":"2022-11-28T16:22:56","slug":"politica-de-cookies","status":"publish","type":"page","link":"https:\/\/www.aegconstrucoes.com\/fr\/politica-de-cookies\/","title":{"rendered":"Politique de Cookies"},"content":{"rendered":"<h2 class=\"wp-block-heading\">Conna\u00eetre les cookies<\/h2>\n\n\n\n<ul class=\"wp-block-list\">\n<li>Les cookies sont de petits fichiers texte contenant des informations pertinentes que votre dispositif d'acc\u00e8s (ordinateur, t\u00e9l\u00e9phone mobile\/smartphone ou tablette) charge, via le navigateur internet, lorsqu'un site internet est visit\u00e9 par l'Utilisateur.<\/li>\n\n\n\n<li>Le placement de cookies aidera non seulement le site web \u00e0 reconna\u00eetre le dispositif de l'utilisateur lors de sa prochaine visite, mais sera aussi, fr\u00e9quemment, indispensable pour le fonctionnement de celui-ci. Les cookies utilis\u00e9s par Andrade &amp; Gondar, sur tous ses sites web, ne collectent pas d'informations personnelles permettant d'identifier l'utilisateur. Ils stockent des informations g\u00e9n\u00e9riques, \u00e0 savoir la forme ou le lieu\/pays d'acc\u00e8s des utilisateurs et la mani\u00e8re dont ils utilisent les sites web, entre autres. Les cookies ne conservent que les informations li\u00e9es \u00e0 vos pr\u00e9f\u00e9rences.<\/li>\n\n\n\n<li>L'utilisateur peut, \u00e0 tout moment et par le biais de son navigateur internet, d\u00e9cider d'\u00eatre inform\u00e9 de la r\u00e9ception de cookies, ainsi que de bloquer leur entr\u00e9e dans son syst\u00e8me. Il convient toutefois de noter que le refus d'utiliser des cookies sur le site web peut entra\u00eener l'impossibilit\u00e9 d'acc\u00e9der \u00e0 certaines de ses zones et ne pas permettre l'exp\u00e9rience compl\u00e8te de la navigation.<\/li>\n<\/ul>\n\n\n\n<h2 class=\"wp-block-heading\">Fonctionnalit\u00e9 des cookies<\/h2>\n\n\n\n<p>Em geral, os cookies s\u00e3o usados para melhorar a experi\u00eancia de navega\u00e7\u00e3o do Utilizador, aumentando a rapidez e efici\u00eancia de resposta. Eliminam a necessidade de introduzir repetidamente as mesmas informa\u00e7\u00f5es e ajudam a determinar que as mensagens publicit\u00e1rias que o Utilizador v\u00ea s\u00e3o relevantes e se ajustam aos seus interesses, ou seja, a utilidade, interesse e o n\u00famero de utiliza\u00e7\u00f5es dos s\u00edtios da internet.<\/p>\n\n\n\n<h2 class=\"wp-block-heading\">Les diff\u00e9rents types de cookies<\/h2>\n\n\n\n<p>Chaque cookie utilis\u00e9 a une fonction et une date d'expiration.<\/p>\n\n\n\n<p>En ce qui concerne la fonction, les cookies utilis\u00e9s peuvent \u00eatre:<\/p>\n\n\n\n<p><strong>Cookies essentiels -<\/strong>&nbsp;Certains cookies sont essentiels pour acc\u00e9der \u00e0 des zones sp\u00e9cifiques des sites web, permettant la navigation sur le site web et l'utilisation de ses applications, comme l'acc\u00e8s aux zones s\u00e9curis\u00e9es du site web en se connectant. Sans ces cookies, les services qui en ont besoin ne peuvent \u00eatre fournis.<\/p>\n\n\n\n<p><strong>Cookies de fonctionnalit\u00e9 -<\/strong>&nbsp;Les cookies de fonctionnalit\u00e9 permettent de m\u00e9moriser les pr\u00e9f\u00e9rences de l'Utilisateur en mati\u00e8re de navigation sur le site. Cela signifie que vous ne devez pas le reconfigurer et le personnaliser \u00e0 chaque fois que vous le visitez.<\/p>\n\n\n\n<p><strong>Cookies analytiques -<\/strong>&nbsp;Ces cookies sont utilis\u00e9s pour analyser la fa\u00e7on dont les utilisateurs utilisent le site web, ce qui nous permet de mettre en \u00e9vidence les articles ou les services susceptibles d'int\u00e9resser les utilisateurs, et pour surveiller les performances du site web en apprenant quelles sont les pages les plus populaires, quelle m\u00e9thode de liaison des pages est la plus efficace ou pour d\u00e9terminer pourquoi certaines pages re\u00e7oivent des messages d'erreur.<\/p>\n\n\n\n<p>Ces cookies sont uniquement utilis\u00e9s \u00e0 des fins de cr\u00e9ation et d'analyse statistique, sans jamais collecter d'informations \u00e0 caract\u00e8re personnel. Ainsi, Andrade &amp; Gondar peut fournir une exp\u00e9rience de haute qualit\u00e9 en personnalisant son offre et en identifiant et corrigeant rapidement tout probl\u00e8me qui se pr\u00e9sente.<\/p>\n\n\n\n<p>Concernant la date d'expiration, les cookies utilis\u00e9s peuvent \u00eatre:<\/p>\n\n\n\n<p><strong>Cookies permanents -<\/strong>&nbsp;Elles sont stock\u00e9es sur vos dispositifs d'acc\u00e8s (ordinateur, mobile\/smartphone ou tablette) au niveau du navigateur et sont utilis\u00e9es chaque fois que vous visitez \u00e0 nouveau le site web. De mani\u00e8re g\u00e9n\u00e9rale, elles sont utilis\u00e9es pour orienter la navigation en fonction des centres d'int\u00e9r\u00eat de l'Utilisateur, permettant ainsi de fournir un service plus personnalis\u00e9.<\/p>\n\n\n\n<p><strong>Cookies de session -<\/strong>&nbsp;Ils sont temporaires, les cookies sont g\u00e9n\u00e9r\u00e9s et sont disponibles jusqu'\u00e0 la fermeture de la session. La prochaine fois que l'utilisateur acc\u00e8de \u00e0 son navigateur Internet, les cookies ne sont plus stock\u00e9s. Les informations obtenues permettent de g\u00e9rer les sessions, d'identifier les probl\u00e8mes et de fournir une meilleure exp\u00e9rience de navigation.<\/p>\n\n\n\n<p><strong>Bloquer ou utiliser les cookies<\/strong><\/p>\n\n\n\n<p>L'Utilisateur peut \u00e0 tout moment d\u00e9sactiver tout ou partie des cookies en suivant les instructions de la page \" G\u00e9rer l'utilisation des cookies \". Bien que la d\u00e9sactivation des cookies n'emp\u00eache pas l'utilisateur d'acc\u00e9der aux services et aux contenus du site web, elle peut r\u00e9duire la qualit\u00e9 de son fonctionnement.<\/p>\n\n\n\n<p><strong>Cookies lors de l'ouverture des bulletins d'information\/courriers \u00e9lectroniques<\/strong><\/p>\n\n\n\n<p>Les bulletins d'information\/courriers \u00e9lectroniques peuvent, \u00e0 des fins statistiques, contenir une petite image qui permet de savoir s'ils sont ouverts et de v\u00e9rifier les clics sur les liens ou les publicit\u00e9s contenus dans le bulletin. L'utilisateur a toujours la possibilit\u00e9 de d\u00e9sactiver l'envoi de la newsletter\/du courrier \u00e9lectronique par le biais de l'option sp\u00e9cifique figurant dans le pied de page de la newsletter\/du courrier \u00e9lectronique.<\/p>\n\n\n\n<h2 class=\"wp-block-heading\">Changements et mises \u00e0 jour<\/h2>\n\n\n\n<p>Andrade &amp; Gondar peut modifier cette Politique de Cookies sur ses sites web, en fonction des exigences l\u00e9gales ou r\u00e9glementaires, ou dans le but de l'adapter aux recommandations \u00e9mises par la Commission Nationale de Protection des Donn\u00e9es, \u00e9tant donc conseill\u00e9 \u00e0 tous les utilisateurs de la revoir p\u00e9riodiquement.<\/p>","protected":false},"excerpt":{"rendered":"<p>Conhecer os cookies Funcionalidade dos Cookies Em geral, os cookies s\u00e3o usados para melhorar a experi\u00eancia de navega\u00e7\u00e3o do Utilizador, aumentando a rapidez e efici\u00eancia de resposta. Eliminam a necessidade de introduzir repetidamente as mesmas informa\u00e7\u00f5es e ajudam a determinar que as mensagens publicit\u00e1rias que o Utilizador v\u00ea s\u00e3o relevantes e se ajustam aos seus [&hellip;]<\/p>","protected":false},"author":1,"featured_media":0,"parent":0,"menu_order":0,"comment_status":"closed","ping_status":"closed","template":"page-full-width.php","meta":{"footnotes":""},"class_list":["post-13596","page","type-page","status-publish","hentry"],"_links":{"self":[{"href":"https:\/\/www.aegconstrucoes.com\/fr\/wp-json\/wp\/v2\/pages\/13596","targetHints":{"allow":["GET"]}}],"collection":[{"href":"https:\/\/www.aegconstrucoes.com\/fr\/wp-json\/wp\/v2\/pages"}],"about":[{"href":"https:\/\/www.aegconstrucoes.com\/fr\/wp-json\/wp\/v2\/types\/page"}],"author":[{"embeddable":true,"href":"https:\/\/www.aegconstrucoes.com\/fr\/wp-json\/wp\/v2\/users\/1"}],"replies":[{"embeddable":true,"href":"https:\/\/www.aegconstrucoes.com\/fr\/wp-json\/wp\/v2\/comments?post=13596"}],"version-history":[{"count":0,"href":"https:\/\/www.aegconstrucoes.com\/fr\/wp-json\/wp\/v2\/pages\/13596\/revisions"}],"wp:attachment":[{"href":"https:\/\/www.aegconstrucoes.com\/fr\/wp-json\/wp\/v2\/media?parent=13596"}],"curies":[{"name":"wp","href":"https:\/\/api.w.org\/{rel}","templated":true}]}}